{"id":4374,"date":"2023-08-04T10:00:51","date_gmt":"2023-08-04T08:00:51","guid":{"rendered":"https:\/\/www.centremosaique.ca\/?page_id=4374"},"modified":"2024-12-30T11:25:22","modified_gmt":"2024-12-30T10:25:22","slug":"andrea-bergeron-ouellet","status":"publish","type":"page","link":"https:\/\/www.staging.centremosaique.ca\/en\/speech-therapists\/andrea-bergeron-ouellet\/","title":{"rendered":"Andr\u00e9a Bergeron-Ouellet"},"content":{"rendered":"<p>[vc_row][vc_column el_class=&#8221;fullwidthimg&#8221;]      <!--  <div class=\"vc_row wpb_row vc_row-fluid nopaddingtop vc_custom_1555579864616 vc_row-has-fill\"><div class=\"nopaddingtop wpb_column vc_column_container vc_col-sm-10 vc_col-has-fill\"><div class=\"vc_column-inner vc_custom_1555579931713\"><div class=\"wpb_wrapper\">\n                        <div class=\"wpb_single_image wpb_content_element vc_align_left\">\n\n                            <figure class=\"wpb_wrapper vc_figure\">\n                                <div class=\"vc_single_image-wrapper   vc_box_border_grey\"><img loading=\"lazy\" decoding=\"async\" width=\"1400\" height=\"585\" src=\"https:\/\/www.staging.centremosaique.ca\/wp-content\/uploads\/2019\/05\/Groupe-de-masques-131.png\" class=\"attachment-full size-full\" alt=\"nos orthophonistes header page\" srcset=\"https:\/\/www.staging.centremosaique.ca\/wp-content\/uploads\/2019\/05\/Groupe-de-masques-131.png 1400w, https:\/\/www.staging.centremosaique.ca\/wp-content\/uploads\/2019\/05\/Groupe-de-masques-131-300x125.png 300w, https:\/\/www.staging.centremosaique.ca\/wp-content\/uploads\/2019\/05\/Groupe-de-masques-131-768x321.png 768w, https:\/\/www.staging.centremosaique.ca\/wp-content\/uploads\/2019\/05\/Groupe-de-masques-131-1024x428.png 1024w\" sizes=\"auto, (max-width: 1400px) 100vw, 1400px\" \/><\/div>\n                            <\/figure>\n                        <\/div>\n                    <\/div><\/div><\/div><div class=\"wpb_column vc_column_container vc_col-sm-2 bgyellowheader2\"><div class=\"vc_column-inner \"><div class=\"wpb_wrapper\"><button class=\"button1\">Prendre rendez-vous<\/button><\/div><\/div><\/div><\/div>\n-->\n\n       <div class=\"vc_row wpb_row vc_row-fluid marginblocPRDHomepage\"><div class=\"wpb_column vc_column_container vc_col-sm-12\"><div class=\"vc_column-inner\"><div class=\"wpb_wrapper\">\n                        <div class=\"wpb_single_image wpb_content_element vc_align_center\">\n\n                            <figure class=\"wpb_wrapper vc_figure\">\n                                <div class=\"vc_single_image-wrapper   vc_box_border_grey \"><img loading=\"lazy\" decoding=\"async\" width=\"1400\" height=\"585\" src=\"https:\/\/www.staging.centremosaique.ca\/wp-content\/uploads\/2019\/05\/Groupe-de-masques-131.png\" class=\"attachment-full size-full\" alt=\"nos orthophonistes header page\" srcset=\"https:\/\/www.staging.centremosaique.ca\/wp-content\/uploads\/2019\/05\/Groupe-de-masques-131.png 1400w, https:\/\/www.staging.centremosaique.ca\/wp-content\/uploads\/2019\/05\/Groupe-de-masques-131-300x125.png 300w, https:\/\/www.staging.centremosaique.ca\/wp-content\/uploads\/2019\/05\/Groupe-de-masques-131-768x321.png 768w, https:\/\/www.staging.centremosaique.ca\/wp-content\/uploads\/2019\/05\/Groupe-de-masques-131-1024x428.png 1024w\" sizes=\"auto, (max-width: 1400px) 100vw, 1400px\" \/>                                   <!-- <div class=\"wpb_wrapper postexteImage\"><p class=\"font40 regular  roboto white nomargin lineheight45\">Our speech therapists <br> \nare at your service<\/p><button class=\"button1 buttonMobile\" style=\"margin:5px\">Prendre rendez-vous<\/button><\/div>-->\n                                <\/div>\n\n                            <\/figure>\n\n\n                        <\/div>\n                       <div class=\"wpb_wrapper postexteImage\"><p class=\"font40 regular  roboto white nomargin lineheight45\">Our speech therapists <br> \nare at your service<\/p>                                                          <button class=\"button1 buttonMobile\" style=\"margin:25px 0\"> <a style=\"color:white\" class=\"nounderline\" target=\"_blank\" href=\"https:\/\/www.gorendezvous.com\/en\/centremosaiquedequ%C3%A9bec\">Make an appointment<\/a><\/button>\n\n                                                          <\/div>\n\n                    <\/div><\/div><\/div><\/div>\n        [\/vc_column][\/vc_row][vc_row equal_height=&#8221;yes&#8221; el_class=&#8221;padding230x padding70T&#8221;][vc_column width=&#8221;7\/12&#8243;][vc_column_text el_class=&#8221;nomargin&#8221;]<\/p>\n<h1 class=\"font40 roboto purple light lineheight45 nomargin\">A clinic anchored<br \/>\nto its community<\/h1>\n<p>[\/vc_column_text][vc_column_text el_class=&#8221;font18 regular roboto black lineheight24&#8243;]<strong>Our primary objectif is to facility access to services enabling individuals of all ages to participate and engage fully in their daily life.<\/strong><\/p>\n<p>The Centre Mosa\u00efque de Qu\u00e9bec is a socially responsible organisation that is proud to invest in its community. Through workshops for families, screenings in French and English and collaborations with community partners, the Centre seeks to keep community members supported in all aspects of communication and language abilities.[\/vc_column_text][vc_column_text]<button class=\"button1\"><a class=\"nounderline\" style=\"color: white;\" href=\"https:\/\/www.gorendezvous.com\/en\/centremosaiquedequ\u00e9bec\" target=\"_blank\" rel=\"noopener noreferrer\">Make an appointment<\/a><\/button>[\/vc_column_text][\/vc_column][vc_column width=&#8221;5\/12&#8243;][vc_single_image image=&#8221;722&#8243; img_size=&#8221;full&#8221; alignment=&#8221;center&#8221; el_class=&#8221;fullwidthimg padding20left paddnoleftM&#8221;][\/vc_column][\/vc_row][vc_row el_class=&#8221;padding70T&#8221;][vc_column][vc_column_text el_class=&#8221;font40 roboto purple light center padding230x&#8221;]<\/p>\n<h2 class=\"purple light font40 roboto\">Our speech therapists<\/h2>\n<p>[\/vc_column_text][\/vc_column][\/vc_row][vc_row equal_height=&#8221;yes&#8221; el_class=&#8221;padding230x padding45B&#8221;][vc_column width=&#8221;1\/3&#8243;][vc_single_image image=&#8221;4609&#8243; img_size=&#8221;full&#8221; alignment=&#8221;center&#8221; el_class=&#8221;fullwidthimg&#8221;][\/vc_column][vc_column width=&#8221;2\/3&#8243; css=&#8221;.vc_custom_1563532191989{background-color: #2d2e83 !important;}&#8221; el_class=&#8221;bibliosingle padding40left&#8221;][vc_column_text el_class=&#8221;font16 regular roboto white padding40left paddR45 padding30T&#8221;]<\/p>\n<p class=\"font24 light nomargin padding30T \">Andr\u00e9a Bergeron-Ouellet<\/p>\n<p>M.Sc.<br \/>\nSpeech-Language Pathologist,[\/vc_column_text][vc_column_text el_class=&#8221;font16 regular roboto white padding40left paddR45 lineheight22&#8243;]Andr\u00e9a completed master\u2019s degrees in speech-language pathology and in biomedical and clinical sciences at University Laval. Her research was targeting the parental support children living with disabilities need. She is still involved in different research and teaching projects at the university.<\/p>\n<p>Andrea worked in many community service contexts in the past years. Her clinical approach emphasizes placing people\u2019s interests to learn and empowerment methods first. She works with children, teenagers and adults living with language and\/or learning difficulties. She also works with people living with communication challenges in the context of intellectual disability, autism spectrum disorder or complex difficulties. She offers coaching to families and organizations involved with those clienteles. In the past few years, Andrea is also interested into multiculturalism and support that speech-language pathologists can offer to families.[\/vc_column_text][\/vc_column][\/vc_row][vc_row css=&#8221;.vc_custom_1559563402214{background-color: #2d2e83 !important;}&#8221; el_class=&#8221;marginblocimgHomepage pos3blocMarginBotton&#8221;][vc_column el_class=&#8221;padding25B padding30T&#8221;][vc_column_text el_class=&#8221;font40 white center roboto padding230x&#8221;]Our clinic[\/vc_column_text][vc_column_text el_class=&#8221;center white font18 roboto padding320x regular&#8221;]The Centre Mosa\u00efque de Qu\u00e9bec is a speech-language pathology clinic that provides services to children and adults. Our services are offered in French or English, whether at our offices, at home or remotely.[\/vc_column_text][\/vc_column][\/vc_row][vc_row el_class=&#8221;marginblocimgHomepage&#8221;][vc_column][vc_media_grid element_width=&#8221;3&#8243; gap=&#8221;0&#8243; item=&#8221;818&#8243; grid_id=&#8221;vc_gid:1735554311014-8a76d7a1-dd80-3&#8243; include=&#8221;2422,2420,2424,2426&#8243; el_class=&#8221;filtreImage&#8221;][\/vc_column][\/vc_row][vc_row css=&#8221;.vc_custom_1562772937380{background-image: url(\/wp-content\/uploads\/2019\/05\/Symbole-9-\u2013-1.png?id=18) !important;background-position: center !important;background-repeat: no-repeat !important;background-size: cover !important;}&#8221; el_class=&#8221;marginblocPRDHomepage posblocPRDhomepage&#8221;][vc_column el_class=&#8221;paddBlocPRD3&#8243;][vc_column_text el_class=&#8221;font40 light center white roboto margin5leftM&#8221;]Make an appointment[\/vc_column_text][vc_column_text el_class=&#8221;font18 regular white center roboto padding400x&#8221;]The Centre Mosa\u00efque is committed to providing prompt care to meet your needs. Feel free to contact us to find out how our speech therapists can help you.[\/vc_column_text][vc_column_text el_class=&#8221;center&#8221;]<button class=\"button2\"><a class=\"nounderline\" style=\"color: #004f9a;\" href=\"https:\/\/www.gorendezvous.com\/en\/centremosaiquedequ\u00e9bec\" target=\"_blank\" rel=\"noopener noreferrer\">Contact us<\/a><\/button>[\/vc_column_text][\/vc_column][\/vc_row]<\/p>\n","protected":false},"excerpt":{"rendered":"<p>[vc_row][vc_column el_class=&#8221;fullwidthimg&#8221;][\/vc_column][\/vc_row][vc_row equal_height=&#8221;yes&#8221; el_class=&#8221;padding230x padding70T&#8221;][vc_column width=&#8221;7\/12&#8243;][vc_column_text el_class=&#8221;nomargin&#8221;] A clinic anchored to its community [\/vc_column_text][vc_column_text el_class=&#8221;font18 regular roboto black lineheight24&#8243;]Our primary objectif is to facility access to services enabling individuals of all ages to participate and engage fully in their daily life. The Centre Mosa\u00efque de Qu\u00e9bec is a socially responsible organisation that is proud to [&hellip;]<\/p>\n","protected":false},"author":3,"featured_media":0,"parent":2377,"menu_order":0,"comment_status":"closed","ping_status":"closed","template":"","meta":{"footnotes":""},"class_list":["post-4374","page","type-page","status-publish","hentry"],"yoast_head":"<!-- This site is optimized with the Yoast SEO plugin v26.1.1 - https:\/\/yoast.com\/wordpress\/plugins\/seo\/ -->\n<title>Andr\u00e9a Bergeron-Ouellet - Centre Mosa\u00efque de Qu\u00e9bec Clinique d&#039;orthophonie<\/title>\n<meta name=\"robots\" content=\"noindex, follow, max-snippet:-1, max-image-preview:large, max-video-preview:-1\" \/>\n<meta property=\"og:locale\" content=\"en_US\" \/>\n<meta property=\"og:type\" content=\"article\" \/>\n<meta property=\"og:title\" content=\"Andr\u00e9a Bergeron-Ouellet - Centre Mosa\u00efque de Qu\u00e9bec Clinique d&#039;orthophonie\" \/>\n<meta property=\"og:description\" content=\"[vc_row][vc_column el_class=&#8221;fullwidthimg&#8221;][\/vc_column][\/vc_row][vc_row equal_height=&#8221;yes&#8221; el_class=&#8221;padding230x padding70T&#8221;][vc_column width=&#8221;7\/12&#8243;][vc_column_text el_class=&#8221;nomargin&#8221;] A clinic anchored to its community [\/vc_column_text][vc_column_text el_class=&#8221;font18 regular roboto black lineheight24&#8243;]Our primary objectif is to facility access to services enabling individuals of all ages to participate and engage fully in their daily life. The Centre Mosa\u00efque de Qu\u00e9bec is a socially responsible organisation that is proud to [&hellip;]\" \/>\n<meta property=\"og:url\" content=\"https:\/\/www.staging.centremosaique.ca\/en\/speech-therapists\/andrea-bergeron-ouellet\/\" \/>\n<meta property=\"og:site_name\" content=\"Centre Mosa\u00efque de Qu\u00e9bec Clinique d&#039;orthophonie\" \/>\n<meta property=\"article:modified_time\" content=\"2024-12-30T10:25:22+00:00\" \/>\n<meta name=\"twitter:card\" content=\"summary_large_image\" \/>\n<meta name=\"twitter:label1\" content=\"Est. reading time\" \/>\n\t<meta name=\"twitter:data1\" content=\"3 minutes\" \/>\n<script type=\"application\/ld+json\" class=\"yoast-schema-graph\">{\"@context\":\"https:\/\/schema.org\",\"@graph\":[{\"@type\":\"WebPage\",\"@id\":\"https:\/\/www.staging.centremosaique.ca\/en\/speech-therapists\/andrea-bergeron-ouellet\/\",\"url\":\"https:\/\/www.staging.centremosaique.ca\/en\/speech-therapists\/andrea-bergeron-ouellet\/\",\"name\":\"Andr\u00e9a Bergeron-Ouellet - Centre Mosa\u00efque de Qu\u00e9bec Clinique d&#039;orthophonie\",\"isPartOf\":{\"@id\":\"https:\/\/www.staging.centremosaique.ca\/#website\"},\"datePublished\":\"2023-08-04T08:00:51+00:00\",\"dateModified\":\"2024-12-30T10:25:22+00:00\",\"breadcrumb\":{\"@id\":\"https:\/\/www.staging.centremosaique.ca\/en\/speech-therapists\/andrea-bergeron-ouellet\/#breadcrumb\"},\"inLanguage\":\"en-US\",\"potentialAction\":[{\"@type\":\"ReadAction\",\"target\":[\"https:\/\/www.staging.centremosaique.ca\/en\/speech-therapists\/andrea-bergeron-ouellet\/\"]}]},{\"@type\":\"BreadcrumbList\",\"@id\":\"https:\/\/www.staging.centremosaique.ca\/en\/speech-therapists\/andrea-bergeron-ouellet\/#breadcrumb\",\"itemListElement\":[{\"@type\":\"ListItem\",\"position\":1,\"name\":\"Accueil\",\"item\":\"https:\/\/www.staging.centremosaique.ca\/en\/\"},{\"@type\":\"ListItem\",\"position\":2,\"name\":\"Speech therapists\",\"item\":\"https:\/\/www.staging.centremosaique.ca\/en\/speech-therapists\/\"},{\"@type\":\"ListItem\",\"position\":3,\"name\":\"Andr\u00e9a Bergeron-Ouellet\"}]},{\"@type\":\"WebSite\",\"@id\":\"https:\/\/www.staging.centremosaique.ca\/#website\",\"url\":\"https:\/\/www.staging.centremosaique.ca\/\",\"name\":\"Centre Mosa\u00efque de Qu\u00e9bec Clinique d&#039;orthophonie\",\"description\":\"\",\"publisher\":{\"@id\":\"https:\/\/www.staging.centremosaique.ca\/#organization\"},\"potentialAction\":[{\"@type\":\"SearchAction\",\"target\":{\"@type\":\"EntryPoint\",\"urlTemplate\":\"https:\/\/www.staging.centremosaique.ca\/?s={search_term_string}\"},\"query-input\":{\"@type\":\"PropertyValueSpecification\",\"valueRequired\":true,\"valueName\":\"search_term_string\"}}],\"inLanguage\":\"en-US\"},{\"@type\":\"Organization\",\"@id\":\"https:\/\/www.staging.centremosaique.ca\/#organization\",\"name\":\"Centre Mosa\u00efque de Qu\u00e9bec Clinique d&#039;orthophonie\",\"url\":\"https:\/\/www.staging.centremosaique.ca\/\",\"logo\":{\"@type\":\"ImageObject\",\"inLanguage\":\"en-US\",\"@id\":\"https:\/\/www.staging.centremosaique.ca\/#\/schema\/logo\/image\/\",\"url\":\"https:\/\/www.staging.centremosaique.ca\/wp-content\/uploads\/2019\/08\/logo-header.png\",\"contentUrl\":\"https:\/\/www.staging.centremosaique.ca\/wp-content\/uploads\/2019\/08\/logo-header.png\",\"width\":369,\"height\":90,\"caption\":\"Centre Mosa\u00efque de Qu\u00e9bec Clinique d&#039;orthophonie\"},\"image\":{\"@id\":\"https:\/\/www.staging.centremosaique.ca\/#\/schema\/logo\/image\/\"}}]}<\/script>\n<!-- \/ Yoast SEO plugin. -->","yoast_head_json":{"title":"Andr\u00e9a Bergeron-Ouellet - Centre Mosa\u00efque de Qu\u00e9bec Clinique d&#039;orthophonie","robots":{"index":"noindex","follow":"follow","max-snippet":"max-snippet:-1","max-image-preview":"max-image-preview:large","max-video-preview":"max-video-preview:-1"},"og_locale":"en_US","og_type":"article","og_title":"Andr\u00e9a Bergeron-Ouellet - Centre Mosa\u00efque de Qu\u00e9bec Clinique d&#039;orthophonie","og_description":"[vc_row][vc_column el_class=&#8221;fullwidthimg&#8221;][\/vc_column][\/vc_row][vc_row equal_height=&#8221;yes&#8221; el_class=&#8221;padding230x padding70T&#8221;][vc_column width=&#8221;7\/12&#8243;][vc_column_text el_class=&#8221;nomargin&#8221;] A clinic anchored to its community [\/vc_column_text][vc_column_text el_class=&#8221;font18 regular roboto black lineheight24&#8243;]Our primary objectif is to facility access to services enabling individuals of all ages to participate and engage fully in their daily life. The Centre Mosa\u00efque de Qu\u00e9bec is a socially responsible organisation that is proud to [&hellip;]","og_url":"https:\/\/www.staging.centremosaique.ca\/en\/speech-therapists\/andrea-bergeron-ouellet\/","og_site_name":"Centre Mosa\u00efque de Qu\u00e9bec Clinique d&#039;orthophonie","article_modified_time":"2024-12-30T10:25:22+00:00","twitter_card":"summary_large_image","twitter_misc":{"Est. reading time":"3 minutes"},"schema":{"@context":"https:\/\/schema.org","@graph":[{"@type":"WebPage","@id":"https:\/\/www.staging.centremosaique.ca\/en\/speech-therapists\/andrea-bergeron-ouellet\/","url":"https:\/\/www.staging.centremosaique.ca\/en\/speech-therapists\/andrea-bergeron-ouellet\/","name":"Andr\u00e9a Bergeron-Ouellet - Centre Mosa\u00efque de Qu\u00e9bec Clinique d&#039;orthophonie","isPartOf":{"@id":"https:\/\/www.staging.centremosaique.ca\/#website"},"datePublished":"2023-08-04T08:00:51+00:00","dateModified":"2024-12-30T10:25:22+00:00","breadcrumb":{"@id":"https:\/\/www.staging.centremosaique.ca\/en\/speech-therapists\/andrea-bergeron-ouellet\/#breadcrumb"},"inLanguage":"en-US","potentialAction":[{"@type":"ReadAction","target":["https:\/\/www.staging.centremosaique.ca\/en\/speech-therapists\/andrea-bergeron-ouellet\/"]}]},{"@type":"BreadcrumbList","@id":"https:\/\/www.staging.centremosaique.ca\/en\/speech-therapists\/andrea-bergeron-ouellet\/#breadcrumb","itemListElement":[{"@type":"ListItem","position":1,"name":"Accueil","item":"https:\/\/www.staging.centremosaique.ca\/en\/"},{"@type":"ListItem","position":2,"name":"Speech therapists","item":"https:\/\/www.staging.centremosaique.ca\/en\/speech-therapists\/"},{"@type":"ListItem","position":3,"name":"Andr\u00e9a Bergeron-Ouellet"}]},{"@type":"WebSite","@id":"https:\/\/www.staging.centremosaique.ca\/#website","url":"https:\/\/www.staging.centremosaique.ca\/","name":"Centre Mosa\u00efque de Qu\u00e9bec Clinique d&#039;orthophonie","description":"","publisher":{"@id":"https:\/\/www.staging.centremosaique.ca\/#organization"},"potentialAction":[{"@type":"SearchAction","target":{"@type":"EntryPoint","urlTemplate":"https:\/\/www.staging.centremosaique.ca\/?s={search_term_string}"},"query-input":{"@type":"PropertyValueSpecification","valueRequired":true,"valueName":"search_term_string"}}],"inLanguage":"en-US"},{"@type":"Organization","@id":"https:\/\/www.staging.centremosaique.ca\/#organization","name":"Centre Mosa\u00efque de Qu\u00e9bec Clinique d&#039;orthophonie","url":"https:\/\/www.staging.centremosaique.ca\/","logo":{"@type":"ImageObject","inLanguage":"en-US","@id":"https:\/\/www.staging.centremosaique.ca\/#\/schema\/logo\/image\/","url":"https:\/\/www.staging.centremosaique.ca\/wp-content\/uploads\/2019\/08\/logo-header.png","contentUrl":"https:\/\/www.staging.centremosaique.ca\/wp-content\/uploads\/2019\/08\/logo-header.png","width":369,"height":90,"caption":"Centre Mosa\u00efque de Qu\u00e9bec Clinique d&#039;orthophonie"},"image":{"@id":"https:\/\/www.staging.centremosaique.ca\/#\/schema\/logo\/image\/"}}]}},"_links":{"self":[{"href":"https:\/\/www.staging.centremosaique.ca\/en\/wp-json\/wp\/v2\/pages\/4374","targetHints":{"allow":["GET"]}}],"collection":[{"href":"https:\/\/www.staging.centremosaique.ca\/en\/wp-json\/wp\/v2\/pages"}],"about":[{"href":"https:\/\/www.staging.centremosaique.ca\/en\/wp-json\/wp\/v2\/types\/page"}],"author":[{"embeddable":true,"href":"https:\/\/www.staging.centremosaique.ca\/en\/wp-json\/wp\/v2\/users\/3"}],"replies":[{"embeddable":true,"href":"https:\/\/www.staging.centremosaique.ca\/en\/wp-json\/wp\/v2\/comments?post=4374"}],"version-history":[{"count":6,"href":"https:\/\/www.staging.centremosaique.ca\/en\/wp-json\/wp\/v2\/pages\/4374\/revisions"}],"predecessor-version":[{"id":4628,"href":"https:\/\/www.staging.centremosaique.ca\/en\/wp-json\/wp\/v2\/pages\/4374\/revisions\/4628"}],"up":[{"embeddable":true,"href":"https:\/\/www.staging.centremosaique.ca\/en\/wp-json\/wp\/v2\/pages\/2377"}],"wp:attachment":[{"href":"https:\/\/www.staging.centremosaique.ca\/en\/wp-json\/wp\/v2\/media?parent=4374"}],"curies":[{"name":"wp","href":"https:\/\/api.w.org\/{rel}","templated":true}]}}