{"id":2324,"date":"2019-07-29T15:28:46","date_gmt":"2019-07-29T13:28:46","guid":{"rendered":"\/en\/?page_id=2324"},"modified":"2020-01-30T13:41:10","modified_gmt":"2020-01-30T12:41:10","slug":"language-disorder","status":"publish","type":"page","link":"https:\/\/www.staging.centremosaique.ca\/en\/services-for-children\/language-disorder\/","title":{"rendered":"Language Disorder"},"content":{"rendered":"<p>[vc_row el_class=&#8221;marginblocPRDHomepage&#8221;][vc_column el_class=&#8221;fullwidthimg&#8221;]        <!--  <div class=\"vc_row wpb_row vc_row-fluid nopaddingtop vc_custom_1555579864616 vc_row-has-fill\"><div class=\"nopaddingtop wpb_column vc_column_container vc_col-sm-10 vc_col-has-fill\"><div class=\"vc_column-inner vc_custom_1555579931713\"><div class=\"wpb_wrapper\">\n                        <div class=\"wpb_single_image wpb_content_element vc_align_left\">\n\n                            <figure class=\"wpb_wrapper vc_figure\">\n                                <div class=\"vc_single_image-wrapper   vc_box_border_grey\"><img loading=\"lazy\" decoding=\"async\" width=\"1400\" height=\"585\" src=\"https:\/\/www.staging.centremosaique.ca\/wp-content\/uploads\/2019\/07\/Groupe-582finl.jpg\" class=\"attachment-full size-full\" alt=\"trouble de langage header\" srcset=\"https:\/\/www.staging.centremosaique.ca\/wp-content\/uploads\/2019\/07\/Groupe-582finl.jpg 1400w, https:\/\/www.staging.centremosaique.ca\/wp-content\/uploads\/2019\/07\/Groupe-582finl-300x125.jpg 300w, https:\/\/www.staging.centremosaique.ca\/wp-content\/uploads\/2019\/07\/Groupe-582finl-768x321.jpg 768w, https:\/\/www.staging.centremosaique.ca\/wp-content\/uploads\/2019\/07\/Groupe-582finl-1024x428.jpg 1024w\" sizes=\"auto, (max-width: 1400px) 100vw, 1400px\" \/><\/div>\n                            <\/figure>\n                        <\/div>\n                    <\/div><\/div><\/div><div class=\"wpb_column vc_column_container vc_col-sm-2 bgyellowheader2\"><div class=\"vc_column-inner \"><div class=\"wpb_wrapper\"><button class=\"button1\">Prendre rendez-vous<\/button><\/div><\/div><\/div><\/div>\n-->\n\n        <div class=\"vc_row wpb_row vc_row-fluid marginblocPRDHomepage\"><div class=\"wpb_column vc_column_container vc_col-sm-12\"><div class=\"vc_column-inner\"><div class=\"wpb_wrapper\">\n                        <div class=\"wpb_single_image wpb_content_element vc_align_center\">\n\n                            <figure class=\"wpb_wrapper vc_figure\">\n                                <div class=\"vc_single_image-wrapper   vc_box_border_grey\"><img loading=\"lazy\" decoding=\"async\" width=\"1400\" height=\"585\" src=\"https:\/\/www.staging.centremosaique.ca\/wp-content\/uploads\/2019\/07\/Groupe-582finl.jpg\" class=\"attachment-full size-full\" alt=\"trouble de langage header\" srcset=\"https:\/\/www.staging.centremosaique.ca\/wp-content\/uploads\/2019\/07\/Groupe-582finl.jpg 1400w, https:\/\/www.staging.centremosaique.ca\/wp-content\/uploads\/2019\/07\/Groupe-582finl-300x125.jpg 300w, https:\/\/www.staging.centremosaique.ca\/wp-content\/uploads\/2019\/07\/Groupe-582finl-768x321.jpg 768w, https:\/\/www.staging.centremosaique.ca\/wp-content\/uploads\/2019\/07\/Groupe-582finl-1024x428.jpg 1024w\" sizes=\"auto, (max-width: 1400px) 100vw, 1400px\" \/>                                    <div class=\"wpb_wrapper postexteImageCenter\"><h1 class=\"font40 regular  roboto white nomargin lineheight45\">Language Disorder<\/h1>                                             <button class=\"button1 margin30T\" >   <a style=\"color:white\" class=\"nounderline\" target=\"_blank\" href=\"https:\/\/www.gorendezvous.com\/en\/centremosaiquedequ%C3%A9bec\">Make an appointment<\/a><\/button>\n                                                                                <\/div>\n                                <\/div>\n\n                            <\/figure>\n\n                        <\/div>\n\n                    <\/div><\/div><\/div><\/div>\n        [\/vc_column][\/vc_row][vc_row el_class=&#8221;padding230x marginblocPRDHomepage padding70T&#8221;][vc_column][vc_column_text]<\/p>\n<h2 class=\"font40 light purple center roboto\">Language Disorder<\/h2>\n<p>[\/vc_column_text][vc_column_text el_class=&#8221;font18 regular roboto center black lineheight24&#8243;]Although speech errors are common and expected as children learn to speak, persistent errors or difficulty being understood can indicate a need for an evaluation in speech-language pathology. Children can feel frustrated when they are consistently misunderstood due to speech sound errors. Untreated speech errors can have an impact of expressive language, reading and writing abilities and self-esteem. However, individualised speech-language pathology treatment can eliminate speech errors and their impact on the daily communication exchanges of your child.<br \/>\n[\/vc_column_text][\/vc_column][\/vc_row][vc_row el_class=&#8221;padding230x marginblocPRDHomepage nomobile&#8221; css=&#8221;.vc_custom_1563961853616{background-image: url(\/wp-content\/uploads\/2019\/07\/Groupe-590.png?id=1771) !important;background-position: center !important;background-repeat: no-repeat !important;background-size: cover !important;}&#8221;][vc_column width=&#8221;1\/2&#8243; el_class=&#8221;padding35B padding35T&#8221;][vc_column_text el_class=&#8221;font18 regular roboto black lineheight24&#8243;]<strong>Language disorders, or language impairments, are disorders that involve the processing of linguistic information.<\/strong><\/p>\n<p>Language disorders, or language impairments, are disorders that involve the processing of linguistic information.Problems that may be experienced can involve grammar (syntax and\/or morphology), semantics (meaning), or other aspects of language. These problems may be receptive (involving impaired language comprehension), expressive (involving language production), or a combination of both.[\/vc_column_text][\/vc_column][vc_column width=&#8221;1\/2&#8243; el_class=&#8221;padding35B padding35T&#8221;][vc_column_text el_class=&#8221;font18 regular roboto black padding40left lineheight24&#8243;]Examples include specific language impairment and aphasia, among others. Language disorders can affect both spoken and written language, and can also affect sign language; typically, all forms of language will be impaired. Note that these are distinct from speech disorders, which involve difficulty with the act of speech production, but not with language.[\/vc_column_text][\/vc_column][\/vc_row][vc_row el_class=&#8221;padding230x marginblocPRDHomepage nodesk&#8221; css=&#8221;.vc_custom_1563961884202{background-image: url(\/wp-content\/uploads\/2019\/07\/Groupe-590.png?id=1771) !important;background-position: center !important;background-repeat: no-repeat !important;background-size: cover !important;}&#8221;][vc_column el_class=&#8221;padding35B padding35T&#8221; offset=&#8221;vc_hidden-lg vc_hidden-md&#8221;][vc_column_text el_class=&#8221;font18 regular roboto black lineheight24&#8243;]<strong>Le trouble d\u00e9veloppemental du langage, aussi appel\u00e9 trouble du langage, est d\u2019origine neurologique et affecte le traitement du langage.<\/strong><\/p>\n<p>Les difficult\u00e9s v\u00e9cues par les enfants qui ont un trouble du langage touchent la grammaire (syntaxe et\/ou morphologie), la s\u00e9mantique (connaissances sur les concepts), le vocabulaire ou d\u2019autres aspects du langage. Ces probl\u00e8mes peuvent affecter de fa\u00e7on plus ou moins importante la compr\u00e9hension du langage (donc comprend ce qu\u2019on nous dit oralement), le langage expressif (s\u2019exprimer sans difficult\u00e9) ou bien les deux. Le trouble d\u00e9veloppemental du langage peut affecter le langage oral et \u00e9crit et peut \u00e9galement affecter les personnes s\u2019exprimant en langue sign\u00e9e. En bref, le trouble d\u00e9veloppemental du langage implique des difficult\u00e9s \u00e0 comprendre ou s\u2019exprimer avec notre entourage, peu importe le moyen de communication (\u00e9crit, parl\u00e9, signes, etc.).[\/vc_column_text][\/vc_column][\/vc_row][vc_row el_class=&#8221;marginblocPRDHomepage padding50T&#8221;][vc_column][vc_column_text el_class=&#8221;padding290x&#8221;]<\/p>\n<h2 class=\"font40 light purple center roboto lineheight45\">How can you tell if my child has a<br \/>\nlanguage disorder?<\/h2>\n<p>[\/vc_column_text][vc_column_text el_class=&#8221;font18 bold center roboto black lineheight24 padding300x&#8221;]Children with language disorders often present as having a language delay before they enter into school. Their difficulties include :[\/vc_column_text][\/vc_column][\/vc_row][vc_row el_class=&#8221;padding230x marginblocPRDHomepage padding35T padding55B&#8221;][vc_column width=&#8221;5\/12&#8243;][vc_single_image image=&#8221;369&#8243; img_size=&#8221;full&#8221; el_class=&#8221;fullwidthimg padd7BottomM&#8221;][\/vc_column][vc_column width=&#8221;7\/12&#8243;][vc_column_text el_class=&#8221;font18 regular roboto black stylelist lineheight22 margin45left&#8221;]<\/p>\n<ul>\n<li style=\"padding-bottom: 11px;\">Finding the right words to use.<\/li>\n<li style=\"padding-bottom: 11px;\">Limited vocabulary<\/li>\n<li style=\"padding-bottom: 11px;\">Dgrammatical errors and have poor sentence structure.<\/li>\n<li style=\"padding-bottom: 11px;\">Use of the wrong words in sentences.<\/li>\n<li style=\"padding-bottom: 11px;\">Difficulties understanding word meanings.<\/li>\n<li style=\"padding-bottom: 11px;\">Use of simple short sentences<\/li>\n<li style=\"padding-bottom: 11px;\">Difficulties retelling stories.<\/li>\n<li style=\"padding-bottom: 11px;\">Difficulties providing information to others.<\/li>\n<li style=\"padding-bottom: 11px;\">Difficulties listening.<\/li>\n<li style=\"padding-bottom: 11px;\">Difficulties understanding stories and more complex language.<\/li>\n<li style=\"padding-bottom: 11px;\">Reliance on visual information to gain meaning from a situation.<\/li>\n<\/ul>\n<p>[\/vc_column_text][\/vc_column][\/vc_row][vc_row el_class=&#8221;padding230x marginblocPRDHomepage&#8221; css=&#8221;.vc_custom_1562676233342{background-image: url(\/wp-content\/uploads\/2019\/07\/Groupe-591.png?id=1790) !important;background-position: center !important;background-repeat: no-repeat !important;background-size: cover !important;}&#8221;][vc_column][vc_column_text el_class=&#8221;padding70T&#8221;]<\/p>\n<h2 class=\"font40 light purple center roboto lineheight45\">What is the difference between a language<br \/>\ndelay and a language disorder?<\/h2>\n<p>[\/vc_column_text][vc_row_inner equal_height=&#8221;yes&#8221; el_class=&#8221;padding55B&#8221;][vc_column_inner el_class=&#8221;padding20T&#8221; width=&#8221;5\/12&#8243;][vc_single_image image=&#8221;370&#8243; img_size=&#8221;full&#8221; el_class=&#8221;fullwidthimg&#8221;][\/vc_column_inner][vc_column_inner width=&#8221;7\/12&#8243;][vc_column_text el_class=&#8221;font18 regular roboto black lineheight24 margin80left padding25R&#8221;]<strong>A language delay is a delay in acquisition of language skills compared to children of similar ages.<\/strong><\/p>\n<p>A young child with a language delay may exhibit a slower onset of a language skill, slowed progress, and slowed sequence in which the language skills are learned. Through targeted intervention the child can catch up to their peers. However, some children continue to demonstrate persistent and significant difficulties acquiring and using language skills.[\/vc_column_text][vc_column_text el_class=&#8221;font18 regular roboto black margin80left padding40R&#8221;]These children are more likely to have a language disorder. A comprehension evaluation is required to understand the complete profile of the child and to eliminate any other factors that could be contributing to the difficulty of acquiring adequate communication abilities.[\/vc_column_text][vc_column_text el_class=&#8221;margin80left&#8221;]<button class=\"button1\"><a class=\"nounderline\" style=\"color: #fff;\" href=\"\/en\/contact\/\">Contact us<\/a><\/button>[\/vc_column_text][\/vc_column_inner][\/vc_row_inner][\/vc_column][\/vc_row][vc_row el_class=&#8221;marginblocPRDHomepage&#8221;][vc_column el_class=&#8221;fullwidthimg&#8221;][vc_single_image image=&#8221;115&#8243; img_size=&#8221;full&#8221; el_class=&#8221;padding80B&#8221;][vc_row_inner el_class=&#8221;posblocwhite2 marginblocPRDHomepage&#8221;][vc_column_inner width=&#8221;2\/12&#8243;][\/vc_column_inner][vc_column_inner width=&#8221;8\/12&#8243;][vc_column_text el_class=&#8221;font18 regular roboto center black padding100x bgwhite lineheight24 padding55B&#8221;]<\/p>\n<p class=\"font40 light purple center roboto bgwhite padding30T\">Conclusion<\/p>\n<p class=\"margin-20T\">A speech-language pathologist at the Centre Mosa\u00efque de Qu\u00e9bec can provide an assessment, diagnosis, and intervention of language delay or disorder. We are essential part of the intervention team. We can identify areas of strength and need and creates a treatment plan that helps the child develop the listening and speaking skills that allow him or her to communicate more effectively.<\/p>\n<p>[\/vc_column_text][\/vc_column_inner][vc_column_inner width=&#8221;2\/12&#8243;][\/vc_column_inner][\/vc_row_inner][\/vc_column][\/vc_row][vc_row css=&#8221;.vc_custom_1562772937380{background-image: url(\/wp-content\/uploads\/2019\/05\/Symbole-9-\u2013-1.png?id=18) !important;background-position: center !important;background-repeat: no-repeat !important;background-size: cover !important;}&#8221; el_class=&#8221;marginblocPRDHomepage posblocPRDhomepage&#8221;][vc_column el_class=&#8221;paddBlocPRD3&#8243;][vc_column_text el_class=&#8221;font40 light center white roboto margin5leftM&#8221;]Make an appointment[\/vc_column_text][vc_column_text el_class=&#8221;font18 regular white center roboto padding400x&#8221;]The Centre Mosa\u00efque is committed to providing prompt care to meet your needs. Feel free to contact us to find out how our speech therapists can help you.[\/vc_column_text][vc_column_text el_class=&#8221;center&#8221;]<\/p>\n<p><button class=\"button2\"><a class=\"nounderline\" style=\"color: #004f9a;\" href=\"https:\/\/www.gorendezvous.com\/en\/centremosaiquedequ\u00e9bec\" target=\"_blank\" rel=\"noopener noreferrer\">Contact us<\/a><\/button><\/p>\n<p>[\/vc_column_text][\/vc_column][\/vc_row]<\/p>\n","protected":false},"excerpt":{"rendered":"<p>[vc_row el_class=&#8221;marginblocPRDHomepage&#8221;][vc_column el_class=&#8221;fullwidthimg&#8221;][\/vc_column][\/vc_row][vc_row el_class=&#8221;padding230x marginblocPRDHomepage padding70T&#8221;][vc_column][vc_column_text] Language Disorder [\/vc_column_text][vc_column_text el_class=&#8221;font18 regular roboto center black lineheight24&#8243;]Although speech errors are common and expected as children learn to speak, persistent errors or difficulty being understood can indicate a need for an evaluation in speech-language pathology. Children can feel frustrated when they are consistently misunderstood due to speech sound [&hellip;]<\/p>\n","protected":false},"author":2,"featured_media":0,"parent":2299,"menu_order":0,"comment_status":"closed","ping_status":"closed","template":"","meta":{"footnotes":""},"class_list":["post-2324","page","type-page","status-publish","hentry"],"yoast_head":"<!-- This site is optimized with the Yoast SEO plugin v26.1.1 - https:\/\/yoast.com\/wordpress\/plugins\/seo\/ -->\n<title>Language Disorder - Centre Mosa\u00efque de Qu\u00e9bec Clinique d&#039;orthophonie<\/title>\n<meta name=\"robots\" content=\"noindex, follow, max-snippet:-1, max-image-preview:large, max-video-preview:-1\" \/>\n<meta property=\"og:locale\" content=\"en_US\" \/>\n<meta property=\"og:type\" content=\"article\" \/>\n<meta property=\"og:title\" content=\"Language Disorder - Centre Mosa\u00efque de Qu\u00e9bec Clinique d&#039;orthophonie\" \/>\n<meta property=\"og:description\" content=\"[vc_row el_class=&#8221;marginblocPRDHomepage&#8221;][vc_column el_class=&#8221;fullwidthimg&#8221;][\/vc_column][\/vc_row][vc_row el_class=&#8221;padding230x marginblocPRDHomepage padding70T&#8221;][vc_column][vc_column_text] Language Disorder [\/vc_column_text][vc_column_text el_class=&#8221;font18 regular roboto center black lineheight24&#8243;]Although speech errors are common and expected as children learn to speak, persistent errors or difficulty being understood can indicate a need for an evaluation in speech-language pathology. Children can feel frustrated when they are consistently misunderstood due to speech sound [&hellip;]\" \/>\n<meta property=\"og:url\" content=\"https:\/\/www.staging.centremosaique.ca\/en\/services-for-children\/language-disorder\/\" \/>\n<meta property=\"og:site_name\" content=\"Centre Mosa\u00efque de Qu\u00e9bec Clinique d&#039;orthophonie\" \/>\n<meta property=\"article:modified_time\" content=\"2020-01-30T12:41:10+00:00\" \/>\n<meta name=\"twitter:card\" content=\"summary_large_image\" \/>\n<meta name=\"twitter:label1\" content=\"Est. reading time\" \/>\n\t<meta name=\"twitter:data1\" content=\"6 minutes\" \/>\n<script type=\"application\/ld+json\" class=\"yoast-schema-graph\">{\"@context\":\"https:\/\/schema.org\",\"@graph\":[{\"@type\":\"WebPage\",\"@id\":\"https:\/\/www.staging.centremosaique.ca\/en\/services-for-children\/language-disorder\/\",\"url\":\"https:\/\/www.staging.centremosaique.ca\/en\/services-for-children\/language-disorder\/\",\"name\":\"Language Disorder - Centre Mosa\u00efque de Qu\u00e9bec Clinique d&#039;orthophonie\",\"isPartOf\":{\"@id\":\"https:\/\/www.staging.centremosaique.ca\/#website\"},\"datePublished\":\"2019-07-29T13:28:46+00:00\",\"dateModified\":\"2020-01-30T12:41:10+00:00\",\"breadcrumb\":{\"@id\":\"https:\/\/www.staging.centremosaique.ca\/en\/services-for-children\/language-disorder\/#breadcrumb\"},\"inLanguage\":\"en-US\",\"potentialAction\":[{\"@type\":\"ReadAction\",\"target\":[\"https:\/\/www.staging.centremosaique.ca\/en\/services-for-children\/language-disorder\/\"]}]},{\"@type\":\"BreadcrumbList\",\"@id\":\"https:\/\/www.staging.centremosaique.ca\/en\/services-for-children\/language-disorder\/#breadcrumb\",\"itemListElement\":[{\"@type\":\"ListItem\",\"position\":1,\"name\":\"Accueil\",\"item\":\"https:\/\/www.staging.centremosaique.ca\/en\/\"},{\"@type\":\"ListItem\",\"position\":2,\"name\":\"Services for children\",\"item\":\"https:\/\/www.staging.centremosaique.ca\/en\/services-for-children\/\"},{\"@type\":\"ListItem\",\"position\":3,\"name\":\"Language Disorder\"}]},{\"@type\":\"WebSite\",\"@id\":\"https:\/\/www.staging.centremosaique.ca\/#website\",\"url\":\"https:\/\/www.staging.centremosaique.ca\/\",\"name\":\"Centre Mosa\u00efque de Qu\u00e9bec Clinique d&#039;orthophonie\",\"description\":\"\",\"publisher\":{\"@id\":\"https:\/\/www.staging.centremosaique.ca\/#organization\"},\"potentialAction\":[{\"@type\":\"SearchAction\",\"target\":{\"@type\":\"EntryPoint\",\"urlTemplate\":\"https:\/\/www.staging.centremosaique.ca\/?s={search_term_string}\"},\"query-input\":{\"@type\":\"PropertyValueSpecification\",\"valueRequired\":true,\"valueName\":\"search_term_string\"}}],\"inLanguage\":\"en-US\"},{\"@type\":\"Organization\",\"@id\":\"https:\/\/www.staging.centremosaique.ca\/#organization\",\"name\":\"Centre Mosa\u00efque de Qu\u00e9bec Clinique d&#039;orthophonie\",\"url\":\"https:\/\/www.staging.centremosaique.ca\/\",\"logo\":{\"@type\":\"ImageObject\",\"inLanguage\":\"en-US\",\"@id\":\"https:\/\/www.staging.centremosaique.ca\/#\/schema\/logo\/image\/\",\"url\":\"https:\/\/www.staging.centremosaique.ca\/wp-content\/uploads\/2019\/08\/logo-header.png\",\"contentUrl\":\"https:\/\/www.staging.centremosaique.ca\/wp-content\/uploads\/2019\/08\/logo-header.png\",\"width\":369,\"height\":90,\"caption\":\"Centre Mosa\u00efque de Qu\u00e9bec Clinique d&#039;orthophonie\"},\"image\":{\"@id\":\"https:\/\/www.staging.centremosaique.ca\/#\/schema\/logo\/image\/\"}}]}<\/script>\n<!-- \/ Yoast SEO plugin. -->","yoast_head_json":{"title":"Language Disorder - Centre Mosa\u00efque de Qu\u00e9bec Clinique d&#039;orthophonie","robots":{"index":"noindex","follow":"follow","max-snippet":"max-snippet:-1","max-image-preview":"max-image-preview:large","max-video-preview":"max-video-preview:-1"},"og_locale":"en_US","og_type":"article","og_title":"Language Disorder - Centre Mosa\u00efque de Qu\u00e9bec Clinique d&#039;orthophonie","og_description":"[vc_row el_class=&#8221;marginblocPRDHomepage&#8221;][vc_column el_class=&#8221;fullwidthimg&#8221;][\/vc_column][\/vc_row][vc_row el_class=&#8221;padding230x marginblocPRDHomepage padding70T&#8221;][vc_column][vc_column_text] Language Disorder [\/vc_column_text][vc_column_text el_class=&#8221;font18 regular roboto center black lineheight24&#8243;]Although speech errors are common and expected as children learn to speak, persistent errors or difficulty being understood can indicate a need for an evaluation in speech-language pathology. Children can feel frustrated when they are consistently misunderstood due to speech sound [&hellip;]","og_url":"https:\/\/www.staging.centremosaique.ca\/en\/services-for-children\/language-disorder\/","og_site_name":"Centre Mosa\u00efque de Qu\u00e9bec Clinique d&#039;orthophonie","article_modified_time":"2020-01-30T12:41:10+00:00","twitter_card":"summary_large_image","twitter_misc":{"Est. reading time":"6 minutes"},"schema":{"@context":"https:\/\/schema.org","@graph":[{"@type":"WebPage","@id":"https:\/\/www.staging.centremosaique.ca\/en\/services-for-children\/language-disorder\/","url":"https:\/\/www.staging.centremosaique.ca\/en\/services-for-children\/language-disorder\/","name":"Language Disorder - Centre Mosa\u00efque de Qu\u00e9bec Clinique d&#039;orthophonie","isPartOf":{"@id":"https:\/\/www.staging.centremosaique.ca\/#website"},"datePublished":"2019-07-29T13:28:46+00:00","dateModified":"2020-01-30T12:41:10+00:00","breadcrumb":{"@id":"https:\/\/www.staging.centremosaique.ca\/en\/services-for-children\/language-disorder\/#breadcrumb"},"inLanguage":"en-US","potentialAction":[{"@type":"ReadAction","target":["https:\/\/www.staging.centremosaique.ca\/en\/services-for-children\/language-disorder\/"]}]},{"@type":"BreadcrumbList","@id":"https:\/\/www.staging.centremosaique.ca\/en\/services-for-children\/language-disorder\/#breadcrumb","itemListElement":[{"@type":"ListItem","position":1,"name":"Accueil","item":"https:\/\/www.staging.centremosaique.ca\/en\/"},{"@type":"ListItem","position":2,"name":"Services for children","item":"https:\/\/www.staging.centremosaique.ca\/en\/services-for-children\/"},{"@type":"ListItem","position":3,"name":"Language Disorder"}]},{"@type":"WebSite","@id":"https:\/\/www.staging.centremosaique.ca\/#website","url":"https:\/\/www.staging.centremosaique.ca\/","name":"Centre Mosa\u00efque de Qu\u00e9bec Clinique d&#039;orthophonie","description":"","publisher":{"@id":"https:\/\/www.staging.centremosaique.ca\/#organization"},"potentialAction":[{"@type":"SearchAction","target":{"@type":"EntryPoint","urlTemplate":"https:\/\/www.staging.centremosaique.ca\/?s={search_term_string}"},"query-input":{"@type":"PropertyValueSpecification","valueRequired":true,"valueName":"search_term_string"}}],"inLanguage":"en-US"},{"@type":"Organization","@id":"https:\/\/www.staging.centremosaique.ca\/#organization","name":"Centre Mosa\u00efque de Qu\u00e9bec Clinique d&#039;orthophonie","url":"https:\/\/www.staging.centremosaique.ca\/","logo":{"@type":"ImageObject","inLanguage":"en-US","@id":"https:\/\/www.staging.centremosaique.ca\/#\/schema\/logo\/image\/","url":"https:\/\/www.staging.centremosaique.ca\/wp-content\/uploads\/2019\/08\/logo-header.png","contentUrl":"https:\/\/www.staging.centremosaique.ca\/wp-content\/uploads\/2019\/08\/logo-header.png","width":369,"height":90,"caption":"Centre Mosa\u00efque de Qu\u00e9bec Clinique d&#039;orthophonie"},"image":{"@id":"https:\/\/www.staging.centremosaique.ca\/#\/schema\/logo\/image\/"}}]}},"_links":{"self":[{"href":"https:\/\/www.staging.centremosaique.ca\/en\/wp-json\/wp\/v2\/pages\/2324","targetHints":{"allow":["GET"]}}],"collection":[{"href":"https:\/\/www.staging.centremosaique.ca\/en\/wp-json\/wp\/v2\/pages"}],"about":[{"href":"https:\/\/www.staging.centremosaique.ca\/en\/wp-json\/wp\/v2\/types\/page"}],"author":[{"embeddable":true,"href":"https:\/\/www.staging.centremosaique.ca\/en\/wp-json\/wp\/v2\/users\/2"}],"replies":[{"embeddable":true,"href":"https:\/\/www.staging.centremosaique.ca\/en\/wp-json\/wp\/v2\/comments?post=2324"}],"version-history":[{"count":5,"href":"https:\/\/www.staging.centremosaique.ca\/en\/wp-json\/wp\/v2\/pages\/2324\/revisions"}],"predecessor-version":[{"id":3250,"href":"https:\/\/www.staging.centremosaique.ca\/en\/wp-json\/wp\/v2\/pages\/2324\/revisions\/3250"}],"up":[{"embeddable":true,"href":"https:\/\/www.staging.centremosaique.ca\/en\/wp-json\/wp\/v2\/pages\/2299"}],"wp:attachment":[{"href":"https:\/\/www.staging.centremosaique.ca\/en\/wp-json\/wp\/v2\/media?parent=2324"}],"curies":[{"name":"wp","href":"https:\/\/api.w.org\/{rel}","templated":true}]}}